{"id":132,"date":"2026-04-13T15:21:33","date_gmt":"2026-04-13T15:21:33","guid":{"rendered":"https:\/\/soundslikebalance.com\/?page_id=132"},"modified":"2026-04-15T09:26:20","modified_gmt":"2026-04-15T09:26:20","slug":"sobre-mi","status":"publish","type":"page","link":"https:\/\/soundslikebalance.com\/en\/sobre-mi\/","title":{"rendered":"About me"},"content":{"rendered":"<div data-elementor-type=\"wp-page\" data-elementor-id=\"132\" class=\"elementor elementor-132\" data-elementor-post-type=\"page\">\n\t\t\t\t<div class=\"elementor-element elementor-element-bbf7784 e-flex e-con-boxed e-con e-parent\" data-id=\"bbf7784\" data-element_type=\"container\" data-e-type=\"container\" data-settings=\"{&quot;background_background&quot;:&quot;classic&quot;}\">\n\t\t\t\t\t<div class=\"e-con-inner\">\n\t\t<div class=\"elementor-element elementor-element-68f7933e e-flex e-con-boxed e-con e-child\" data-id=\"68f7933e\" data-element_type=\"container\" data-e-type=\"container\">\n\t\t\t\t\t<div class=\"e-con-inner\">\n\t\t\t\t<div class=\"elementor-element elementor-element-7f93ecdf elementor-widget elementor-widget-heading\" data-id=\"7f93ecdf\" data-element_type=\"widget\" data-e-type=\"widget\" data-widget_type=\"heading.default\">\n\t\t\t\t\t<h1 class=\"elementor-heading-title elementor-size-default\">About me: The soul behind Sounds Like Balance<\/h1>\t\t\t\t<\/div>\n\t\t<div class=\"elementor-element elementor-element-7ced1d35 e-flex e-con-boxed e-con e-child\" data-id=\"7ced1d35\" data-element_type=\"container\" data-e-type=\"container\">\n\t\t\t\t\t<div class=\"e-con-inner\">\n\t\t\t\t<div class=\"elementor-element elementor-element-335443ca elementor-widget elementor-widget-heading\" data-id=\"335443ca\" data-element_type=\"widget\" data-e-type=\"widget\" data-widget_type=\"heading.default\">\n\t\t\t\t\t<h2 class=\"elementor-heading-title elementor-size-default\">My Path to Sound Therapy and Personal Balance<\/h2>\t\t\t\t<\/div>\n\t\t\t\t<div class=\"elementor-element elementor-element-2446d79b elementor-widget elementor-widget-text-editor\" data-id=\"2446d79b\" data-element_type=\"widget\" data-e-type=\"widget\" data-widget_type=\"text-editor.default\">\n\t\t\t\t\t\t\t\t\t<p>I discovered sound baths during a period of personal change when I felt the need to stop, reconnect, and find more balance in my daily life. What started as a personal experience transformed into a key tool for managing life's pace with greater clarity and well-being.<\/p>\t\t\t\t\t\t\t\t<\/div>\n\t\t\t\t<div class=\"elementor-element elementor-element-7bc996c elementor-widget elementor-widget-heading\" data-id=\"7bc996c\" data-element_type=\"widget\" data-e-type=\"widget\" data-widget_type=\"heading.default\">\n\t\t\t\t\t<h2 class=\"elementor-heading-title elementor-size-default\">A professional vision for reducing stress naturally.<\/h2>\t\t\t\t<\/div>\n\t\t\t\t<div class=\"elementor-element elementor-element-2cacb4a6 elementor-widget elementor-widget-text-editor\" data-id=\"2cacb4a6\" data-element_type=\"widget\" data-e-type=\"widget\" data-widget_type=\"text-editor.default\">\n\t\t\t\t\t\t\t\t\t<p>As someone who runs their own business, I understand how easy it is to live in constant motion, with high demands and little room to disconnect. That's why my approach is based on offering accessible, practical, and real-life-adapted experiences.<\/p>\t\t\t\t\t\t\t\t<\/div>\n\t\t\t\t\t<\/div>\n\t\t\t\t<\/div>\n\t\t\t\t\t<\/div>\n\t\t\t\t<\/div>\n\t\t<div class=\"elementor-element elementor-element-1928c8c9 e-flex e-con-boxed e-con e-child\" data-id=\"1928c8c9\" data-element_type=\"container\" data-e-type=\"container\">\n\t\t\t\t\t<div class=\"e-con-inner\">\n\t\t\t\t<div class=\"elementor-element elementor-element-8e1b90 elementor-widget elementor-widget-image\" data-id=\"8e1b90\" data-element_type=\"widget\" data-e-type=\"widget\" data-widget_type=\"image.default\">\n\t\t\t\t\t\t\t\t\t\t\t\t\t\t\t<img fetchpriority=\"high\" decoding=\"async\" width=\"1024\" height=\"1024\" src=\"https:\/\/soundslikebalance.com\/wp-content\/uploads\/2026\/04\/soundslikebalance.com-10-1024x1024.png\" class=\"attachment-large size-large wp-image-187\" alt=\"soundslikebalance.com\" srcset=\"https:\/\/soundslikebalance.com\/wp-content\/uploads\/2026\/04\/soundslikebalance.com-10-1024x1024.png 1024w, https:\/\/soundslikebalance.com\/wp-content\/uploads\/2026\/04\/soundslikebalance.com-10-300x300.png 300w, https:\/\/soundslikebalance.com\/wp-content\/uploads\/2026\/04\/soundslikebalance.com-10-150x150.png 150w, https:\/\/soundslikebalance.com\/wp-content\/uploads\/2026\/04\/soundslikebalance.com-10-768x768.png 768w, https:\/\/soundslikebalance.com\/wp-content\/uploads\/2026\/04\/soundslikebalance.com-10.png 1080w\" sizes=\"(max-width: 1024px) 100vw, 1024px\" title=\"About me\">\t\t\t\t\t\t\t\t\t\t\t\t\t\t\t<\/div>\n\t\t\t\t\t<\/div>\n\t\t\t\t<\/div>\n\t\t\t\t\t<\/div>\n\t\t\t\t<\/div>\n\t\t<div class=\"elementor-element elementor-element-37cd774d e-flex e-con-boxed e-con e-parent\" data-id=\"37cd774d\" data-element_type=\"container\" data-e-type=\"container\" data-settings=\"{&quot;background_background&quot;:&quot;classic&quot;}\">\n\t\t\t\t\t<div class=\"e-con-inner\">\n\t\t<div class=\"elementor-element elementor-element-1bb0f045 e-flex e-con-boxed e-con e-child\" data-id=\"1bb0f045\" data-element_type=\"container\" data-e-type=\"container\">\n\t\t\t\t\t<div class=\"e-con-inner\">\n\t\t\t\t<div class=\"elementor-element elementor-element-45fdb2f1 elementor-widget elementor-widget-image\" data-id=\"45fdb2f1\" data-element_type=\"widget\" data-e-type=\"widget\" data-widget_type=\"image.default\">\n\t\t\t\t\t\t\t\t\t\t\t\t\t\t\t<img decoding=\"async\" width=\"1024\" height=\"1024\" src=\"https:\/\/soundslikebalance.com\/wp-content\/uploads\/2026\/04\/soundslikebalance.com-11-1024x1024.png\" class=\"attachment-large size-large wp-image-188\" alt=\"soundslikebalance.com\" srcset=\"https:\/\/soundslikebalance.com\/wp-content\/uploads\/2026\/04\/soundslikebalance.com-11-1024x1024.png 1024w, https:\/\/soundslikebalance.com\/wp-content\/uploads\/2026\/04\/soundslikebalance.com-11-300x300.png 300w, https:\/\/soundslikebalance.com\/wp-content\/uploads\/2026\/04\/soundslikebalance.com-11-150x150.png 150w, https:\/\/soundslikebalance.com\/wp-content\/uploads\/2026\/04\/soundslikebalance.com-11-768x768.png 768w, https:\/\/soundslikebalance.com\/wp-content\/uploads\/2026\/04\/soundslikebalance.com-11.png 1080w\" sizes=\"(max-width: 1024px) 100vw, 1024px\" title=\"About me\">\t\t\t\t\t\t\t\t\t\t\t\t\t\t\t<\/div>\n\t\t\t\t\t<\/div>\n\t\t\t\t<\/div>\n\t\t<div class=\"elementor-element elementor-element-2746d381 e-flex e-con-boxed e-con e-child\" data-id=\"2746d381\" data-element_type=\"container\" data-e-type=\"container\">\n\t\t\t\t\t<div class=\"e-con-inner\">\n\t\t\t\t<div class=\"elementor-element elementor-element-c103250 elementor-widget elementor-widget-heading\" data-id=\"c103250\" data-element_type=\"widget\" data-e-type=\"widget\" data-widget_type=\"heading.default\">\n\t\t\t\t\t<h2 class=\"elementor-heading-title elementor-size-default\">Calm Spaces: Sound Bath and Reiki<\/h2>\t\t\t\t<\/div>\n\t\t\t\t<div class=\"elementor-element elementor-element-746c566 elementor-widget elementor-widget-text-editor\" data-id=\"746c566\" data-element_type=\"widget\" data-e-type=\"widget\" data-widget_type=\"text-editor.default\">\n\t\t\t\t\t\t\t\t\t<p>Through sound baths and their combination with Reiki, I create spaces where anyone can pause, release tension, and regain balance, without needing prior experience.<\/p>\t\t\t\t\t\t\t\t<\/div>\n\t\t<div class=\"elementor-element elementor-element-271efa49 e-flex e-con-boxed e-con e-child\" data-id=\"271efa49\" data-element_type=\"container\" data-e-type=\"container\">\n\t\t\t\t\t<div class=\"e-con-inner\">\n\t\t\t\t<div class=\"elementor-element elementor-element-29f8a20d elementor-widget elementor-widget-heading\" data-id=\"29f8a20d\" data-element_type=\"widget\" data-e-type=\"widget\" data-widget_type=\"heading.default\">\n\t\t\t\t\t<h3 class=\"elementor-heading-title elementor-size-default\">My commitment to your daily well-being in Granada<\/h3>\t\t\t\t<\/div>\n\t\t\t\t<div class=\"elementor-element elementor-element-3a84084d elementor-widget elementor-widget-text-editor\" data-id=\"3a84084d\" data-element_type=\"widget\" data-e-type=\"widget\" data-widget_type=\"text-editor.default\">\n\t\t\t\t\t\t\t\t\t<p>My goal is to introduce these practices in a natural and approachable way, so that they become part of each person's daily well-being and effectively help reduce stress.<\/p>\t\t\t\t\t\t\t\t<\/div>\n\t\t\t\t\t<\/div>\n\t\t\t\t<\/div>\n\t\t\t\t\t<\/div>\n\t\t\t\t<\/div>\n\t\t\t\t\t<\/div>\n\t\t\t\t<\/div>\n\t\t<div class=\"elementor-element elementor-element-40585d83 e-flex e-con-boxed e-con e-parent\" data-id=\"40585d83\" data-element_type=\"container\" data-e-type=\"container\" data-settings=\"{&quot;background_background&quot;:&quot;classic&quot;}\">\n\t\t\t\t\t<div class=\"e-con-inner\">\n\t\t<div class=\"elementor-element elementor-element-252f7861 e-flex e-con-boxed e-con e-child\" data-id=\"252f7861\" data-element_type=\"container\" data-e-type=\"container\" data-settings=\"{&quot;background_background&quot;:&quot;classic&quot;}\">\n\t\t\t\t\t<div class=\"e-con-inner\">\n\t\t<div class=\"elementor-element elementor-element-4fc5229c e-flex e-con-boxed e-con e-child\" data-id=\"4fc5229c\" data-element_type=\"container\" data-e-type=\"container\">\n\t\t\t\t\t<div class=\"e-con-inner\">\n\t\t\t\t<div class=\"elementor-element elementor-element-58f031e9 elementor-widget elementor-widget-heading\" data-id=\"58f031e9\" data-element_type=\"widget\" data-e-type=\"widget\" data-widget_type=\"heading.default\">\n\t\t\t\t\t<h2 class=\"elementor-heading-title elementor-size-default\">Would you like to try a session with me?<\/h2>\t\t\t\t<\/div>\n\t\t\t\t<div class=\"elementor-element elementor-element-1021f786 elementor-widget elementor-widget-text-editor\" data-id=\"1021f786\" data-element_type=\"widget\" data-e-type=\"widget\" data-widget_type=\"text-editor.default\">\n\t\t\t\t\t\t\t\t\t<p>If you feel the need to stop, turn down the noise, and reconnect with yourself, you can write to me and we can look together at which experience best suits you.<\/p>\t\t\t\t\t\t\t\t<\/div>\n\t\t<div class=\"elementor-element elementor-element-4d933819 e-flex e-con-boxed e-con e-child\" data-id=\"4d933819\" data-element_type=\"container\" data-e-type=\"container\">\n\t\t\t\t\t<div class=\"e-con-inner\">\n\t\t\t\t<div class=\"elementor-element elementor-element-4bda066e elementor-align-center elementor-widget elementor-widget-button\" data-id=\"4bda066e\" data-element_type=\"widget\" data-e-type=\"widget\" data-widget_type=\"button.default\">\n\t\t\t\t\t\t\t\t\t\t<a class=\"elementor-button elementor-button-link elementor-size-sm\" href=\"https:\/\/soundslikebalance.com\/en\/contacto\/\">\n\t\t\t\t\t\t<span class=\"elementor-button-content-wrapper\">\n\t\t\t\t\t\t\t\t\t<span class=\"elementor-button-text\">Check availability<\/span>\n\t\t\t\t\t<\/span>\n\t\t\t\t\t<\/a>\n\t\t\t\t\t\t\t\t<\/div>\n\t\t\t\t\t<\/div>\n\t\t\t\t<\/div>\n\t\t\t\t\t<\/div>\n\t\t\t\t<\/div>\n\t\t\t\t\t<\/div>\n\t\t\t\t<\/div>\n\t\t\t\t\t<\/div>\n\t\t\t\t<\/div>\n\t\t\t\t<\/div>","protected":false},"excerpt":{"rendered":"<p>Sobre m\u00ed: El alma detr\u00e1s de Sounds Like Balance Mi camino hacia la Sonoterapia y el equilibrio personal Descubr\u00ed los ba\u00f1os de sonido en un momento de cambio personal, cuando sent\u00ed la necesidad de parar, reconectar y encontrar m\u00e1s equilibrio en mi d\u00eda a d\u00eda. Lo que empez\u00f3 como una experiencia personal se transform\u00f3 en [&hellip;]<\/p>\n","protected":false},"author":1,"featured_media":0,"parent":0,"menu_order":0,"comment_status":"closed","ping_status":"closed","template":"","meta":{"footnotes":""},"class_list":["post-132","page","type-page","status-publish","hentry"],"blocksy_meta":[],"_links":{"self":[{"href":"https:\/\/soundslikebalance.com\/en\/wp-json\/wp\/v2\/pages\/132","targetHints":{"allow":["GET"]}}],"collection":[{"href":"https:\/\/soundslikebalance.com\/en\/wp-json\/wp\/v2\/pages"}],"about":[{"href":"https:\/\/soundslikebalance.com\/en\/wp-json\/wp\/v2\/types\/page"}],"author":[{"embeddable":true,"href":"https:\/\/soundslikebalance.com\/en\/wp-json\/wp\/v2\/users\/1"}],"replies":[{"embeddable":true,"href":"https:\/\/soundslikebalance.com\/en\/wp-json\/wp\/v2\/comments?post=132"}],"version-history":[{"count":31,"href":"https:\/\/soundslikebalance.com\/en\/wp-json\/wp\/v2\/pages\/132\/revisions"}],"predecessor-version":[{"id":277,"href":"https:\/\/soundslikebalance.com\/en\/wp-json\/wp\/v2\/pages\/132\/revisions\/277"}],"wp:attachment":[{"href":"https:\/\/soundslikebalance.com\/en\/wp-json\/wp\/v2\/media?parent=132"}],"curies":[{"name":"wp","href":"https:\/\/api.w.org\/{rel}","templated":true}]}}